{"id":1340,"date":"2020-06-02T12:16:48","date_gmt":"2020-06-02T10:16:48","guid":{"rendered":"https:\/\/www.igsb.eu\/?page_id=1340"},"modified":"2025-09-11T19:04:20","modified_gmt":"2025-09-11T17:04:20","slug":"futurium","status":"publish","type":"page","link":"https:\/\/www.igsb.eu\/en\/references\/futurium\/","title":{"rendered":"Futurium"},"content":{"rendered":"<div class=\"wpb-content-wrapper\">[vc_row full_width=&#8221;stretch_row_content_no_spaces&#8221; css=&#8221;.vc_custom_1591349154704{background-image: url(https:\/\/www.igsb.eu\/wp-content\/uploads\/2020\/06\/header_futurium2.jpg?id=1443) !important;}&#8221;][vc_column css=&#8221;.vc_custom_1584445969073{margin-top: 0px !important;margin-bottom: 0px !important;padding-top: 0px !important;padding-bottom: 0px !important;}&#8221;][vc_empty_space height=&#8221;300px&#8221;][\/vc_column][\/vc_row][vc_row][vc_column css=&#8221;.vc_custom_1585571586037{margin-bottom: 0px !important;padding-bottom: 10px !important;}&#8221;][vc_empty_space height=&#8221;40px&#8221;][vc_column_text]\n<h1>Futurium, Berlin<\/h1>\n[\/vc_column_text][\/vc_column][\/vc_row][vc_row][vc_column width=&#8221;1\/3&#8243; css=&#8221;.vc_custom_1585571684143{margin-bottom: 10px !important;}&#8221;][vc_column_text css=&#8221;.vc_custom_1728415214796{padding-top: 10px !important;}&#8221;]Designed as a low-energy house, the Futurium, with its multi-faceted cast glass shell, offers a variety of insights into the future. For the steel construction, a high-quality fire and corrosion coating was required, which combines the following essential criteria:<\/p>\n<ul>\n<li>high fire resistance of 90 minutes<\/li>\n<li><span style=\"color: var(--wpex-text-2); font-family: var(--wpex-body-font-family, var(--wpex-font-sans));\">Fulfilment of the requirements for the corrosiveness category C3 with long protection duration (DIN EN ISO 12944)<\/span><\/li>\n<li>high chemical and mechanical resistance as well as a long service life<\/li>\n<li>Compliance with the strict NBB criteria on the proportion of volatile organic compounds (VOC)<\/li>\n<\/ul>\n<p>Economical processing in a few steps: The solvent-free intumescent was applied to almost all components in the factory in just one operation. After installation, the connection areas could be completed on site with the same system.[\/vc_column_text][\/vc_column][vc_column width=&#8221;2\/3&#8243; css=&#8221;.vc_custom_1585075094131{margin-bottom: 0px !important;}&#8221;][vc_empty_space height=&#8221;10px&#8221;]<div class=\"wpex-slider-preloaderimg \"><img loading=\"lazy\" decoding=\"async\" width=\"777\" height=\"519\" src=\"https:\/\/www.igsb.eu\/wp-content\/uploads\/2020\/03\/referenz_futurium4.jpg\" class=\"skip-lazy\" alt=\"\" data-no-lazy=\"1\" srcset=\"https:\/\/www.igsb.eu\/wp-content\/uploads\/2020\/03\/referenz_futurium4.jpg 777w, https:\/\/www.igsb.eu\/wp-content\/uploads\/2020\/03\/referenz_futurium4-300x200.jpg 300w, https:\/\/www.igsb.eu\/wp-content\/uploads\/2020\/03\/referenz_futurium4-768x513.jpg 768w\" sizes=\"(max-width: 777px) 100vw, 777px\" \/><\/div><div class=\"vcex-module wpex-slider slider-pro no-margin-thumbnails vcex-image-gallery-slider\" data-thumbnails=\"true\" data-thumbnail-height=\"auto\" data-auto-play-delay=\"5000\" data-animation-speed=\"600\" data-height-animation-duration=\"500\"><div class=\"wpex-slider-slides sp-slides\"><div class=\"wpex-slider-slide sp-slide\"><div class=\"wpex-slider-media\"><img loading=\"lazy\" decoding=\"async\" width=\"777\" height=\"519\" src=\"https:\/\/www.igsb.eu\/wp-content\/uploads\/2020\/03\/referenz_futurium4.jpg\" class=\"skip-lazy\" alt=\"\" data-no-lazy=\"1\" srcset=\"https:\/\/www.igsb.eu\/wp-content\/uploads\/2020\/03\/referenz_futurium4.jpg 777w, https:\/\/www.igsb.eu\/wp-content\/uploads\/2020\/03\/referenz_futurium4-300x200.jpg 300w, https:\/\/www.igsb.eu\/wp-content\/uploads\/2020\/03\/referenz_futurium4-768x513.jpg 768w\" sizes=\"(max-width: 777px) 100vw, 777px\" \/><\/div><\/div><div class=\"wpex-slider-slide sp-slide\"><div class=\"wpex-slider-media\"><img loading=\"lazy\" decoding=\"async\" width=\"777\" height=\"519\" src=\"https:\/\/www.igsb.eu\/wp-content\/uploads\/2020\/03\/referenz_futurium2.jpg\" class=\"skip-lazy\" alt=\"\" data-no-lazy=\"1\" srcset=\"https:\/\/www.igsb.eu\/wp-content\/uploads\/2020\/03\/referenz_futurium2.jpg 777w, https:\/\/www.igsb.eu\/wp-content\/uploads\/2020\/03\/referenz_futurium2-300x200.jpg 300w, https:\/\/www.igsb.eu\/wp-content\/uploads\/2020\/03\/referenz_futurium2-768x513.jpg 768w\" sizes=\"(max-width: 777px) 100vw, 777px\" \/><\/div><\/div><div class=\"wpex-slider-slide sp-slide\"><div class=\"wpex-slider-media\"><img loading=\"lazy\" decoding=\"async\" width=\"777\" height=\"519\" src=\"https:\/\/www.igsb.eu\/wp-content\/uploads\/2020\/03\/referenz_futurium3.jpg\" class=\"skip-lazy\" alt=\"\" data-no-lazy=\"1\" srcset=\"https:\/\/www.igsb.eu\/wp-content\/uploads\/2020\/03\/referenz_futurium3.jpg 777w, https:\/\/www.igsb.eu\/wp-content\/uploads\/2020\/03\/referenz_futurium3-300x200.jpg 300w, https:\/\/www.igsb.eu\/wp-content\/uploads\/2020\/03\/referenz_futurium3-768x513.jpg 768w\" sizes=\"(max-width: 777px) 100vw, 777px\" \/><\/div><\/div><div class=\"wpex-slider-slide sp-slide\"><div class=\"wpex-slider-media\"><img loading=\"lazy\" decoding=\"async\" width=\"777\" height=\"519\" src=\"https:\/\/www.igsb.eu\/wp-content\/uploads\/2020\/03\/referenz_futurium6.jpg\" class=\"skip-lazy\" alt=\"\" data-no-lazy=\"1\" srcset=\"https:\/\/www.igsb.eu\/wp-content\/uploads\/2020\/03\/referenz_futurium6.jpg 777w, https:\/\/www.igsb.eu\/wp-content\/uploads\/2020\/03\/referenz_futurium6-300x200.jpg 300w, https:\/\/www.igsb.eu\/wp-content\/uploads\/2020\/03\/referenz_futurium6-768x513.jpg 768w\" sizes=\"(max-width: 777px) 100vw, 777px\" \/><\/div><\/div><div class=\"wpex-slider-slide sp-slide\"><div class=\"wpex-slider-media\"><img loading=\"lazy\" decoding=\"async\" width=\"777\" height=\"519\" src=\"https:\/\/www.igsb.eu\/wp-content\/uploads\/2020\/06\/referenz_futurium7.jpg\" class=\"skip-lazy\" alt=\"\" data-no-lazy=\"1\" srcset=\"https:\/\/www.igsb.eu\/wp-content\/uploads\/2020\/06\/referenz_futurium7.jpg 777w, https:\/\/www.igsb.eu\/wp-content\/uploads\/2020\/06\/referenz_futurium7-300x200.jpg 300w, https:\/\/www.igsb.eu\/wp-content\/uploads\/2020\/06\/referenz_futurium7-768x513.jpg 768w\" sizes=\"(max-width: 777px) 100vw, 777px\" \/><\/div><\/div><\/div><div class=\"wpex-slider-thumbnails sp-nc-thumbnails wpex-grid wpex-grid-cols-5\"><img loading=\"lazy\" decoding=\"async\" width=\"777\" height=\"519\" src=\"https:\/\/www.igsb.eu\/wp-content\/uploads\/2020\/03\/referenz_futurium4.jpg\" class=\"wpex-slider-thumbnail wpex-block wpex-w-100 sp-nc-thumbnail skip-lazy\" alt=\"\" data-no-lazy=\"1\" srcset=\"https:\/\/www.igsb.eu\/wp-content\/uploads\/2020\/03\/referenz_futurium4.jpg 777w, https:\/\/www.igsb.eu\/wp-content\/uploads\/2020\/03\/referenz_futurium4-300x200.jpg 300w, https:\/\/www.igsb.eu\/wp-content\/uploads\/2020\/03\/referenz_futurium4-768x513.jpg 768w\" sizes=\"(max-width: 777px) 100vw, 777px\" \/><img loading=\"lazy\" decoding=\"async\" width=\"777\" height=\"519\" src=\"https:\/\/www.igsb.eu\/wp-content\/uploads\/2020\/03\/referenz_futurium2.jpg\" class=\"wpex-slider-thumbnail wpex-block wpex-w-100 sp-nc-thumbnail skip-lazy\" alt=\"\" data-no-lazy=\"1\" srcset=\"https:\/\/www.igsb.eu\/wp-content\/uploads\/2020\/03\/referenz_futurium2.jpg 777w, https:\/\/www.igsb.eu\/wp-content\/uploads\/2020\/03\/referenz_futurium2-300x200.jpg 300w, https:\/\/www.igsb.eu\/wp-content\/uploads\/2020\/03\/referenz_futurium2-768x513.jpg 768w\" sizes=\"(max-width: 777px) 100vw, 777px\" \/><img loading=\"lazy\" decoding=\"async\" width=\"777\" height=\"519\" src=\"https:\/\/www.igsb.eu\/wp-content\/uploads\/2020\/03\/referenz_futurium3.jpg\" class=\"wpex-slider-thumbnail wpex-block wpex-w-100 sp-nc-thumbnail skip-lazy\" alt=\"\" data-no-lazy=\"1\" srcset=\"https:\/\/www.igsb.eu\/wp-content\/uploads\/2020\/03\/referenz_futurium3.jpg 777w, https:\/\/www.igsb.eu\/wp-content\/uploads\/2020\/03\/referenz_futurium3-300x200.jpg 300w, https:\/\/www.igsb.eu\/wp-content\/uploads\/2020\/03\/referenz_futurium3-768x513.jpg 768w\" sizes=\"(max-width: 777px) 100vw, 777px\" \/><img loading=\"lazy\" decoding=\"async\" width=\"777\" height=\"519\" src=\"https:\/\/www.igsb.eu\/wp-content\/uploads\/2020\/03\/referenz_futurium6.jpg\" class=\"wpex-slider-thumbnail wpex-block wpex-w-100 sp-nc-thumbnail skip-lazy\" alt=\"\" data-no-lazy=\"1\" srcset=\"https:\/\/www.igsb.eu\/wp-content\/uploads\/2020\/03\/referenz_futurium6.jpg 777w, https:\/\/www.igsb.eu\/wp-content\/uploads\/2020\/03\/referenz_futurium6-300x200.jpg 300w, https:\/\/www.igsb.eu\/wp-content\/uploads\/2020\/03\/referenz_futurium6-768x513.jpg 768w\" sizes=\"(max-width: 777px) 100vw, 777px\" \/><img loading=\"lazy\" decoding=\"async\" width=\"777\" height=\"519\" src=\"https:\/\/www.igsb.eu\/wp-content\/uploads\/2020\/06\/referenz_futurium7.jpg\" class=\"wpex-slider-thumbnail wpex-block wpex-w-100 sp-nc-thumbnail skip-lazy\" alt=\"\" data-no-lazy=\"1\" srcset=\"https:\/\/www.igsb.eu\/wp-content\/uploads\/2020\/06\/referenz_futurium7.jpg 777w, https:\/\/www.igsb.eu\/wp-content\/uploads\/2020\/06\/referenz_futurium7-300x200.jpg 300w, https:\/\/www.igsb.eu\/wp-content\/uploads\/2020\/06\/referenz_futurium7-768x513.jpg 768w\" sizes=\"(max-width: 777px) 100vw, 777px\" \/><\/div><\/div>[\/vc_column][\/vc_row][vc_row full_width=&#8221;stretch_row&#8221; css=&#8221;.vc_custom_1585075228436{background-color: #f4f4f4 !important;}&#8221;][vc_column][vc_empty_space height=&#8221;10px&#8221;][vc_column_text]\n<h2>General project data<\/h2>\n<p><strong>Project title:<\/strong> Futurium Berlin<br \/>\n<strong>Category:<\/strong> Building construction<br \/>\n<strong>Architects (design):<\/strong>\u00a0RICHTER MUSIKOWSKI, Berlin, Germany &amp; JUCA architektur + landschaftsarchitektur, Berlin, Germany<br \/>\n<strong>Steel construction:<\/strong>\u00a0Stahlbau S\u00fcssen GmbH, S\u00fc\u00dfen, Germany<br \/>\n<strong>Completion<\/strong>: 2017<\/p>\n<h2>Corrosion and fire protection<\/h2>\n<p><strong>required fire protection:<\/strong> F90<br \/>\n<strong>Manufacturer:<\/strong> International \u2013 a brand of AkzoNobel<br \/>\n<strong>Contractors:<\/strong> Stahlbau S\u00fcssen GmbH, S\u00fc\u00dfen, Germany (factory coating), <span class=\"font-size-15 m-font-size-11\">ZWEI K Abdichtungs- &amp; Bodentechnik GmbH<\/span>, Bramsche, Germany (on-site connection work)<\/p>\n<p><strong>Products:<\/strong><\/p>\n<ul>\n<li>Interchar 212<\/li>\n<li>Coating lacquer in colour RAL 9005<\/li>\n<\/ul>\n[\/vc_column_text][\/vc_column][\/vc_row][vc_row css=&#8221;.vc_custom_1584442245047{margin-top: 0px !important;padding-top: 0px !important;}&#8221;][vc_column css=&#8221;.vc_custom_1584442282405{margin-bottom: 0px !important;padding-bottom: 10px !important;}&#8221;][vc_empty_space height=&#8221;10px&#8221;][\/vc_column][\/vc_row]\n<\/div>","protected":false},"excerpt":{"rendered":"<p>[vc_row full_width=&#8221;stretch_row_content_no_spaces&#8221; css=&#8221;.vc_custom_1591349154704{background-image: url(https:\/\/www.igsb.eu\/wp-content\/uploads\/2020\/06\/header_futurium2.jpg?id=1443) !important;}&#8221;][vc_column css=&#8221;.vc_custom_1584445969073{margin-top: 0px !important;margin-bottom: 0px !important;padding-top: 0px !important;padding-bottom: 0px !important;}&#8221;][vc_empty_space height=&#8221;300px&#8221;][\/vc_column][\/vc_row][vc_row][vc_column css=&#8221;.vc_custom_1585571586037{margin-bottom: 0px !important;padding-bottom: 10px !important;}&#8221;][vc_empty_space height=&#8221;40px&#8221;][vc_column_text] Futurium, Berlin [\/vc_column_text][\/vc_column][\/vc_row][vc_row][vc_column width=&#8221;1\/3&#8243; css=&#8221;.vc_custom_1585571684143{margin-bottom: 10px !important;}&#8221;][vc_column_text css=&#8221;.vc_custom_1728415214796{padding-top: 10px !important;}&#8221;]Designed as a low-energy house, the Futurium, with its multi-faceted cast glass shell, offers a variety of insights into the future. For the steel construction,&hellip;<\/p>\n","protected":false},"author":1,"featured_media":0,"parent":1362,"menu_order":6,"comment_status":"closed","ping_status":"closed","template":"","meta":{"_rsvp_to":"","_rsvp_max":"","_rsvp_show_attendees":"","_rsvp_instructions":"","simple_price":"","simple_price_label":"","venue":"","_template_start_hour":"","_template_start_minutes":"","_sked_minutes":"","_sked_stop":"","_sked_duration":"","_payment_gateway":"Cash or Custom","_rsvp_currency":"USD","_sked_hour":"12","_sked_end":"13:00","rsvp_tx_template":0,"_rsvp_start":0,"_rsvp_deadline":0,"_rsvp_deadline_daysbefore":"0","_rsvp_deadline_hours":"0","_rsvp_reg_daysbefore":"0","_rsvp_reg_hours":"0","_rsvp_count_party":"1","_rsvp_on":false,"_add_timezone":false,"_convert_timezone":false,"_calendar_icons":true,"_rsvp_end_display":false,"_rsvp_rsvpmaker_send_confirmation_email":false,"_rsvp_confirmation_after_payment":false,"_rsvp_confirmation_include_event":false,"_rsvp_count":false,"_rsvp_yesno":true,"_rsvp_captcha":false,"_rsvp_login_required":false,"_rsvp_form_show_date":false,"footnotes":""},"_links":{"self":[{"href":"https:\/\/www.igsb.eu\/en\/wp-json\/wp\/v2\/pages\/1340"}],"collection":[{"href":"https:\/\/www.igsb.eu\/en\/wp-json\/wp\/v2\/pages"}],"about":[{"href":"https:\/\/www.igsb.eu\/en\/wp-json\/wp\/v2\/types\/page"}],"author":[{"embeddable":true,"href":"https:\/\/www.igsb.eu\/en\/wp-json\/wp\/v2\/users\/1"}],"replies":[{"embeddable":true,"href":"https:\/\/www.igsb.eu\/en\/wp-json\/wp\/v2\/comments?post=1340"}],"version-history":[{"count":6,"href":"https:\/\/www.igsb.eu\/en\/wp-json\/wp\/v2\/pages\/1340\/revisions"}],"predecessor-version":[{"id":3109,"href":"https:\/\/www.igsb.eu\/en\/wp-json\/wp\/v2\/pages\/1340\/revisions\/3109"}],"up":[{"embeddable":true,"href":"https:\/\/www.igsb.eu\/en\/wp-json\/wp\/v2\/pages\/1362"}],"wp:attachment":[{"href":"https:\/\/www.igsb.eu\/en\/wp-json\/wp\/v2\/media?parent=1340"}],"curies":[{"name":"wp","href":"https:\/\/api.w.org\/{rel}","templated":true}]}}