{"id":1353,"date":"2020-06-02T12:21:16","date_gmt":"2020-06-02T10:21:16","guid":{"rendered":"https:\/\/www.igsb.eu\/?page_id=1353"},"modified":"2025-09-11T19:01:59","modified_gmt":"2025-09-11T17:01:59","slug":"klimahaus-8-grad-east","status":"publish","type":"page","link":"https:\/\/www.igsb.eu\/en\/references\/klimahaus-8-grad-east\/","title":{"rendered":"Klimahaus 8 Grad East"},"content":{"rendered":"<div class=\"wpb-content-wrapper\">[vc_row full_width=&#8221;stretch_row_content_no_spaces&#8221; css=&#8221;.vc_custom_1585559053360{background-image: url(https:\/\/www.igsb.eu\/wp-content\/uploads\/2020\/03\/header_klimahaus2.jpg?id=346) !important;}&#8221;][vc_column css=&#8221;.vc_custom_1584445969073{margin-top: 0px !important;margin-bottom: 0px !important;padding-top: 0px !important;padding-bottom: 0px !important;}&#8221;][vc_empty_space height=&#8221;300px&#8221;][\/vc_column][\/vc_row][vc_row][vc_column css=&#8221;.vc_custom_1584447795664{margin-bottom: 0px !important;padding-bottom: 25px !important;}&#8221;][vc_empty_space height=&#8221;40px&#8221;][vc_column_text]\n<h1>Klimahaus 8\u00b0 East, Bremerhaven<\/h1>\n[\/vc_column_text][vc_column_text css=&#8221;.vc_custom_1655626493716{padding-top: 10px !important;}&#8221;]\n<p style=\"text-align: justify;\">In mid-2009, the Klimahaus (climate house) 8\u00b0 East opened in the middle of Bremerhaven&#8217;s maritime centre, exactly where Bremerhaven was founded in 1827, at 8\u00b0 east longitude. The Klimahaus, in the form of a pneumatic raft, houses 143 exhibition rooms that visualise the environmental areas of climate, weather and landscape as the basis of life. Visitors &#8220;travel&#8221; around the earth on the eighth eastern longitude and learn about the different climate zones. The total area of the climate house, which is over 30 m high, consists of the inner load-bearing structure in solid construction (concrete), the roof covering of trapezoidal sheet metal, thermal insulation and standing seam roof, as well as the fa\u00e7ade of 4,700 differently shaped laminated glass panes. A steel structure supports both the roof and the fa\u00e7ade and also includes other small steel assemblies such as the central access with ring-shaped walkways, cubes and the technical centre with visitor terrace.<\/p>\n<h2 style=\"text-align: justify;\">Fire and corrosion protection<\/h2>\n<p style=\"text-align: justify;\">For this steel construction, appropriate fire and corrosion protection is required that meets the special requirements during the construction and use phases over decades. This protection must meet several requirements: It should be applicable in as few layers as possible with a high corrosivity category, thus have a low total layer thickness with nevertheless fast drying and be environmentally compatible, i.e. with few so-called volatile organic substances. After additional consideration of the costs, functionality and service life of the coating, the decision was made in favour of the corrosion protection system from Sika, the manufacturer of the intended fire protection system.\u00a0This involves coating the entire 65,000 m\u00b2 steel structure with an actively pigmented primer, which is applied in the required wet film thickness.\u00a0Without this permanent corrosion protection, weathering or chalking behind the glass panes or delamination between the individual layers occurs after only a short period of exposure in building projects such as the Klimahaus under light-resistant top coats on the fa\u00e7ade beams.<\/p>\n[\/vc_column_text][\/vc_column][\/vc_row][vc_row][vc_column width=&#8221;1\/3&#8243; css=&#8221;.vc_custom_1585075122186{margin-bottom: 20px !important;}&#8221;][vc_column_text]\n<p style=\"text-align: justify;\">Critical surfaces had to be coated with the fire protection system &#8220;Sika Unitherm LSA&#8221; before the top coat in order to meet the object-specific climatic requirements in the fire resistance class F30 Ab. Only this system fulfils all three fire resistance classes (F30\/F60\/F90), depending on the solidity and dry film thickness. The advantage of the new fast-drying reactive intumescent is above all the &#8220;Unitherm&#8221; coating, which forms a well-insulating foam when heat is generated from 180\u00b0-200\u00b0 C. This foam is about 40-50 times thicker than the original coating. This is about 40-50 times thicker than its original layer and causes the temperature of 500\u00b0C, which is decisive for the loss of load-bearing capacity of steel components, to be reached only after a delay of at least 30 minutes. Another advantage is the appearance; the fire protection coatings are smooth and differ only minimally from the top coats for corrosion protection.<\/p>\n<p style=\"text-align: justify;\">The Klimahaus 8\u00b0 Ost deals with the topic of climate protection in a diverse and vivid way and thus meets the political and social challenge by explaining and drawing attention to climate change worldwide.<\/p>\n[\/vc_column_text][\/vc_column][vc_column width=&#8221;2\/3&#8243; css=&#8221;.vc_custom_1585075094131{margin-bottom: 0px !important;}&#8221;][vc_empty_space height=&#8221;10px&#8221;]<div class=\"wpex-slider-preloaderimg \"><img loading=\"lazy\" decoding=\"async\" data-no-lazy=\"1\" class=\"skip-lazy\" src=\"https:\/\/www.igsb.eu\/wp-content\/uploads\/2020\/03\/referenz_klimahaus1-777x583.jpg\" alt=\"\" srcset=\"https:\/\/www.igsb.eu\/wp-content\/uploads\/2020\/03\/referenz_klimahaus1-777x583.jpg 777w, https:\/\/www.igsb.eu\/wp-content\/uploads\/2020\/03\/referenz_klimahaus1-300x225.jpg 300w, https:\/\/www.igsb.eu\/wp-content\/uploads\/2020\/03\/referenz_klimahaus1-768x576.jpg 768w, https:\/\/www.igsb.eu\/wp-content\/uploads\/2020\/03\/referenz_klimahaus1-149x112.jpg 149w, https:\/\/www.igsb.eu\/wp-content\/uploads\/2020\/03\/referenz_klimahaus1.jpg 800w\" width=\"777\" height=\"583\"><\/div><div class=\"vcex-module wpex-slider slider-pro no-margin-thumbnails vcex-image-gallery-slider\" data-thumbnails=\"true\" data-thumbnail-height=\"auto\" data-auto-play-delay=\"5000\" data-animation-speed=\"600\" data-height-animation-duration=\"500\"><div class=\"wpex-slider-slides sp-slides\"><div class=\"wpex-slider-slide sp-slide\"><div class=\"wpex-slider-media\"><img loading=\"lazy\" decoding=\"async\" data-no-lazy=\"1\" class=\"skip-lazy\" src=\"https:\/\/www.igsb.eu\/wp-content\/uploads\/2020\/03\/referenz_klimahaus1-777x583.jpg\" alt=\"\" srcset=\"https:\/\/www.igsb.eu\/wp-content\/uploads\/2020\/03\/referenz_klimahaus1-777x583.jpg 777w, https:\/\/www.igsb.eu\/wp-content\/uploads\/2020\/03\/referenz_klimahaus1-300x225.jpg 300w, https:\/\/www.igsb.eu\/wp-content\/uploads\/2020\/03\/referenz_klimahaus1-768x576.jpg 768w, https:\/\/www.igsb.eu\/wp-content\/uploads\/2020\/03\/referenz_klimahaus1-149x112.jpg 149w, https:\/\/www.igsb.eu\/wp-content\/uploads\/2020\/03\/referenz_klimahaus1.jpg 800w\" width=\"777\" height=\"583\"><\/div><\/div><div class=\"wpex-slider-slide sp-slide\"><div class=\"wpex-slider-media\"><img loading=\"lazy\" decoding=\"async\" data-no-lazy=\"1\" class=\"skip-lazy\" src=\"https:\/\/www.igsb.eu\/wp-content\/uploads\/2020\/03\/referenz_klimahaus2-777x583.jpg\" alt=\"\" srcset=\"https:\/\/www.igsb.eu\/wp-content\/uploads\/2020\/03\/referenz_klimahaus2-777x583.jpg 777w, https:\/\/www.igsb.eu\/wp-content\/uploads\/2020\/03\/referenz_klimahaus2-300x225.jpg 300w, https:\/\/www.igsb.eu\/wp-content\/uploads\/2020\/03\/referenz_klimahaus2-768x576.jpg 768w, https:\/\/www.igsb.eu\/wp-content\/uploads\/2020\/03\/referenz_klimahaus2-149x112.jpg 149w, https:\/\/www.igsb.eu\/wp-content\/uploads\/2020\/03\/referenz_klimahaus2.jpg 800w\" width=\"777\" height=\"583\"><\/div><\/div><div class=\"wpex-slider-slide sp-slide\"><div class=\"wpex-slider-media\"><img loading=\"lazy\" decoding=\"async\" data-no-lazy=\"1\" class=\"skip-lazy\" src=\"https:\/\/www.igsb.eu\/wp-content\/uploads\/2020\/03\/referenz_klimahaus3-777x583.jpg\" alt=\"\" srcset=\"https:\/\/www.igsb.eu\/wp-content\/uploads\/2020\/03\/referenz_klimahaus3-777x583.jpg 777w, https:\/\/www.igsb.eu\/wp-content\/uploads\/2020\/03\/referenz_klimahaus3-300x225.jpg 300w, https:\/\/www.igsb.eu\/wp-content\/uploads\/2020\/03\/referenz_klimahaus3-768x576.jpg 768w, https:\/\/www.igsb.eu\/wp-content\/uploads\/2020\/03\/referenz_klimahaus3-149x112.jpg 149w, https:\/\/www.igsb.eu\/wp-content\/uploads\/2020\/03\/referenz_klimahaus3.jpg 800w\" width=\"777\" height=\"583\"><\/div><\/div><div class=\"wpex-slider-slide sp-slide\"><div class=\"wpex-slider-media\"><img loading=\"lazy\" decoding=\"async\" data-no-lazy=\"1\" class=\"skip-lazy\" src=\"https:\/\/www.igsb.eu\/wp-content\/uploads\/2020\/03\/referenz_klimahaus4-777x583.jpg\" alt=\"\" srcset=\"https:\/\/www.igsb.eu\/wp-content\/uploads\/2020\/03\/referenz_klimahaus4-777x583.jpg 777w, https:\/\/www.igsb.eu\/wp-content\/uploads\/2020\/03\/referenz_klimahaus4-300x225.jpg 300w, https:\/\/www.igsb.eu\/wp-content\/uploads\/2020\/03\/referenz_klimahaus4-768x576.jpg 768w, https:\/\/www.igsb.eu\/wp-content\/uploads\/2020\/03\/referenz_klimahaus4-149x112.jpg 149w, https:\/\/www.igsb.eu\/wp-content\/uploads\/2020\/03\/referenz_klimahaus4.jpg 800w\" width=\"777\" height=\"583\"><\/div><\/div><div class=\"wpex-slider-slide sp-slide\"><div class=\"wpex-slider-media\"><img loading=\"lazy\" decoding=\"async\" data-no-lazy=\"1\" class=\"skip-lazy\" src=\"https:\/\/www.igsb.eu\/wp-content\/uploads\/2020\/03\/referenz_klimahaus5-777x583.jpg\" alt=\"\" srcset=\"https:\/\/www.igsb.eu\/wp-content\/uploads\/2020\/03\/referenz_klimahaus5-777x583.jpg 777w, https:\/\/www.igsb.eu\/wp-content\/uploads\/2020\/03\/referenz_klimahaus5-300x225.jpg 300w, https:\/\/www.igsb.eu\/wp-content\/uploads\/2020\/03\/referenz_klimahaus5-768x576.jpg 768w, https:\/\/www.igsb.eu\/wp-content\/uploads\/2020\/03\/referenz_klimahaus5-149x112.jpg 149w, https:\/\/www.igsb.eu\/wp-content\/uploads\/2020\/03\/referenz_klimahaus5.jpg 800w\" width=\"777\" height=\"583\"><\/div><\/div><\/div><div class=\"wpex-slider-thumbnails sp-nc-thumbnails wpex-grid wpex-grid-cols-5\"><img loading=\"lazy\" decoding=\"async\" data-no-lazy=\"1\" class=\"wpex-slider-thumbnail wpex-block wpex-w-100 sp-nc-thumbnail skip-lazy\" src=\"https:\/\/www.igsb.eu\/wp-content\/uploads\/2020\/03\/referenz_klimahaus1-149x112.jpg\" alt=\"\" srcset=\"https:\/\/www.igsb.eu\/wp-content\/uploads\/2020\/03\/referenz_klimahaus1-149x112.jpg 149w, https:\/\/www.igsb.eu\/wp-content\/uploads\/2020\/03\/referenz_klimahaus1-300x225.jpg 300w, https:\/\/www.igsb.eu\/wp-content\/uploads\/2020\/03\/referenz_klimahaus1-768x576.jpg 768w, https:\/\/www.igsb.eu\/wp-content\/uploads\/2020\/03\/referenz_klimahaus1-777x583.jpg 777w, https:\/\/www.igsb.eu\/wp-content\/uploads\/2020\/03\/referenz_klimahaus1.jpg 800w\" width=\"149\" height=\"112\"><img loading=\"lazy\" decoding=\"async\" data-no-lazy=\"1\" class=\"wpex-slider-thumbnail wpex-block wpex-w-100 sp-nc-thumbnail skip-lazy\" src=\"https:\/\/www.igsb.eu\/wp-content\/uploads\/2020\/03\/referenz_klimahaus2-149x112.jpg\" alt=\"\" srcset=\"https:\/\/www.igsb.eu\/wp-content\/uploads\/2020\/03\/referenz_klimahaus2-149x112.jpg 149w, https:\/\/www.igsb.eu\/wp-content\/uploads\/2020\/03\/referenz_klimahaus2-300x225.jpg 300w, https:\/\/www.igsb.eu\/wp-content\/uploads\/2020\/03\/referenz_klimahaus2-768x576.jpg 768w, https:\/\/www.igsb.eu\/wp-content\/uploads\/2020\/03\/referenz_klimahaus2-777x583.jpg 777w, https:\/\/www.igsb.eu\/wp-content\/uploads\/2020\/03\/referenz_klimahaus2.jpg 800w\" width=\"149\" height=\"112\"><img loading=\"lazy\" decoding=\"async\" data-no-lazy=\"1\" class=\"wpex-slider-thumbnail wpex-block wpex-w-100 sp-nc-thumbnail skip-lazy\" src=\"https:\/\/www.igsb.eu\/wp-content\/uploads\/2020\/03\/referenz_klimahaus3-149x112.jpg\" alt=\"\" srcset=\"https:\/\/www.igsb.eu\/wp-content\/uploads\/2020\/03\/referenz_klimahaus3-149x112.jpg 149w, https:\/\/www.igsb.eu\/wp-content\/uploads\/2020\/03\/referenz_klimahaus3-300x225.jpg 300w, https:\/\/www.igsb.eu\/wp-content\/uploads\/2020\/03\/referenz_klimahaus3-768x576.jpg 768w, https:\/\/www.igsb.eu\/wp-content\/uploads\/2020\/03\/referenz_klimahaus3-777x583.jpg 777w, https:\/\/www.igsb.eu\/wp-content\/uploads\/2020\/03\/referenz_klimahaus3.jpg 800w\" width=\"149\" height=\"112\"><img loading=\"lazy\" decoding=\"async\" data-no-lazy=\"1\" class=\"wpex-slider-thumbnail wpex-block wpex-w-100 sp-nc-thumbnail skip-lazy\" src=\"https:\/\/www.igsb.eu\/wp-content\/uploads\/2020\/03\/referenz_klimahaus4-149x112.jpg\" alt=\"\" srcset=\"https:\/\/www.igsb.eu\/wp-content\/uploads\/2020\/03\/referenz_klimahaus4-149x112.jpg 149w, https:\/\/www.igsb.eu\/wp-content\/uploads\/2020\/03\/referenz_klimahaus4-300x225.jpg 300w, https:\/\/www.igsb.eu\/wp-content\/uploads\/2020\/03\/referenz_klimahaus4-768x576.jpg 768w, https:\/\/www.igsb.eu\/wp-content\/uploads\/2020\/03\/referenz_klimahaus4-777x583.jpg 777w, https:\/\/www.igsb.eu\/wp-content\/uploads\/2020\/03\/referenz_klimahaus4.jpg 800w\" width=\"149\" height=\"112\"><img loading=\"lazy\" decoding=\"async\" data-no-lazy=\"1\" class=\"wpex-slider-thumbnail wpex-block wpex-w-100 sp-nc-thumbnail skip-lazy\" src=\"https:\/\/www.igsb.eu\/wp-content\/uploads\/2020\/03\/referenz_klimahaus5-149x112.jpg\" alt=\"\" srcset=\"https:\/\/www.igsb.eu\/wp-content\/uploads\/2020\/03\/referenz_klimahaus5-149x112.jpg 149w, https:\/\/www.igsb.eu\/wp-content\/uploads\/2020\/03\/referenz_klimahaus5-300x225.jpg 300w, https:\/\/www.igsb.eu\/wp-content\/uploads\/2020\/03\/referenz_klimahaus5-768x576.jpg 768w, https:\/\/www.igsb.eu\/wp-content\/uploads\/2020\/03\/referenz_klimahaus5-777x583.jpg 777w, https:\/\/www.igsb.eu\/wp-content\/uploads\/2020\/03\/referenz_klimahaus5.jpg 800w\" width=\"149\" height=\"112\"><\/div><\/div>[vc_empty_space height=&#8221;40px&#8221;][\/vc_column][\/vc_row][vc_row full_width=&#8221;stretch_row&#8221; css=&#8221;.vc_custom_1585075228436{background-color: #f4f4f4 !important;}&#8221;][vc_column][vc_empty_space height=&#8221;10px&#8221;][vc_column_text]\n<h2><strong>General project data<\/strong><\/h2>\n<p><strong>Title<\/strong><strong>: <\/strong>Klimahaus 8\u00b0 East, Bremerhaven<br \/>\n<strong>Category<\/strong><strong>: <\/strong>Structural engineering<br \/>\n<strong>Building owner:<\/strong>\u00a0BEAN \u2013 Bremerhavener Entwicklungsgesellschaft Alter\/Neuer Hafen mbH &amp; Co. KG, Bremerhaven, Germany<br \/>\n<strong>Architects (design):<\/strong>\u00a0KLUMPP ARCHITECTS URBAN PLANNERS, Bremerhaven, Germany<br \/>\n<strong>Structural engineer: <\/strong>KSF | Steimke, Dr. Hemmy &amp; Partner Beratende Ingenieure mbB, Bremerhaven, Germany &amp; Arge Prof. Bellmer Ingenieurgruppe GmbH, Bremen, Germany<br \/>\n<strong>Fire protection planning:<\/strong>\u00a0HALFKANN + KIRCHNER, Erkelenz, Germany &amp; Ingenieurgesellschaft St\u00fcrzl mbH, Dollern, Germany &amp; Materialpr\u00fcfanstalt f\u00fcr das Bauwesen, Braunschweig, Germany<br \/>\n<strong>Construction: <\/strong>d &amp; B Bau GmbH, M\u00fclheim\/Ruhr, Germany<br \/>\n<strong>Completion:<\/strong> 2015<\/p>\n<h2><strong>Corrosion protection and fire protection<\/strong><\/h2>\n<p><strong>Manufacturer:<\/strong>\u00a0Sika Deutschland CH AG &amp; Co KG, Stuttgart, Germany<br \/>\n<strong>Products: <\/strong>Sika Unitherm[\/vc_column_text][\/vc_column][\/vc_row][vc_row css=&#8221;.vc_custom_1584442245047{margin-top: 0px !important;padding-top: 0px !important;}&#8221;][vc_column css=&#8221;.vc_custom_1584442282405{margin-bottom: 0px !important;padding-bottom: 10px !important;}&#8221;][vc_empty_space height=&#8221;10px&#8221;][\/vc_column][\/vc_row]\n<\/div>","protected":false},"excerpt":{"rendered":"<p>[vc_row full_width=&#8221;stretch_row_content_no_spaces&#8221; css=&#8221;.vc_custom_1585559053360{background-image: url(https:\/\/www.igsb.eu\/wp-content\/uploads\/2020\/03\/header_klimahaus2.jpg?id=346) !important;}&#8221;][vc_column css=&#8221;.vc_custom_1584445969073{margin-top: 0px !important;margin-bottom: 0px !important;padding-top: 0px !important;padding-bottom: 0px !important;}&#8221;][vc_empty_space height=&#8221;300px&#8221;][\/vc_column][\/vc_row][vc_row][vc_column css=&#8221;.vc_custom_1584447795664{margin-bottom: 0px !important;padding-bottom: 25px !important;}&#8221;][vc_empty_space height=&#8221;40px&#8221;][vc_column_text] Klimahaus 8\u00b0 East, Bremerhaven [\/vc_column_text][vc_column_text css=&#8221;.vc_custom_1655626493716{padding-top: 10px !important;}&#8221;] In mid-2009, the Klimahaus (climate house) 8\u00b0 East opened in the middle of Bremerhaven&#8217;s maritime centre, exactly where Bremerhaven was founded in 1827, at 8\u00b0 east&hellip;<\/p>\n","protected":false},"author":1,"featured_media":0,"parent":1362,"menu_order":4,"comment_status":"closed","ping_status":"closed","template":"","meta":{"_rsvp_to":"","_rsvp_max":"","_rsvp_show_attendees":"","_rsvp_instructions":"","simple_price":"","simple_price_label":"","venue":"","_template_start_hour":"","_template_start_minutes":"","_sked_minutes":"","_sked_stop":"","_sked_duration":"","_payment_gateway":"Cash or Custom","_rsvp_currency":"USD","_sked_hour":"12","_sked_end":"13:00","rsvp_tx_template":0,"_rsvp_start":0,"_rsvp_deadline":0,"_rsvp_deadline_daysbefore":"0","_rsvp_deadline_hours":"0","_rsvp_reg_daysbefore":"0","_rsvp_reg_hours":"0","_rsvp_count_party":"1","_rsvp_on":false,"_add_timezone":false,"_convert_timezone":false,"_calendar_icons":true,"_rsvp_end_display":false,"_rsvp_rsvpmaker_send_confirmation_email":false,"_rsvp_confirmation_after_payment":false,"_rsvp_confirmation_include_event":false,"_rsvp_count":false,"_rsvp_yesno":true,"_rsvp_captcha":false,"_rsvp_login_required":false,"_rsvp_form_show_date":false,"footnotes":""},"_links":{"self":[{"href":"https:\/\/www.igsb.eu\/en\/wp-json\/wp\/v2\/pages\/1353"}],"collection":[{"href":"https:\/\/www.igsb.eu\/en\/wp-json\/wp\/v2\/pages"}],"about":[{"href":"https:\/\/www.igsb.eu\/en\/wp-json\/wp\/v2\/types\/page"}],"author":[{"embeddable":true,"href":"https:\/\/www.igsb.eu\/en\/wp-json\/wp\/v2\/users\/1"}],"replies":[{"embeddable":true,"href":"https:\/\/www.igsb.eu\/en\/wp-json\/wp\/v2\/comments?post=1353"}],"version-history":[{"count":9,"href":"https:\/\/www.igsb.eu\/en\/wp-json\/wp\/v2\/pages\/1353\/revisions"}],"predecessor-version":[{"id":3108,"href":"https:\/\/www.igsb.eu\/en\/wp-json\/wp\/v2\/pages\/1353\/revisions\/3108"}],"up":[{"embeddable":true,"href":"https:\/\/www.igsb.eu\/en\/wp-json\/wp\/v2\/pages\/1362"}],"wp:attachment":[{"href":"https:\/\/www.igsb.eu\/en\/wp-json\/wp\/v2\/media?parent=1353"}],"curies":[{"name":"wp","href":"https:\/\/api.w.org\/{rel}","templated":true}]}}